{"id":21237,"date":"2023-03-04T11:44:17","date_gmt":"2023-03-04T14:44:17","guid":{"rendered":"https:\/\/www.mimosura.com.br\/website\/?post_type=product&#038;p=21237"},"modified":"2025-07-21T16:00:06","modified_gmt":"2025-07-21T19:00:06","slug":"conjunto-blusao-e-calca-original","status":"publish","type":"product","link":"https:\/\/www.mimosura.com.br\/website\/produto\/conjunto-blusao-e-calca-original\/","title":{"rendered":"Conjunto Blus\u00e3o e Cal\u00e7a &#8211; Original"},"content":{"rendered":"<p>Conjunto de blus\u00e3o e cal\u00e7a em moletom<br \/>\nMarca Pulla Bulla<br \/>\nTamanhos 4, 6, 8, 10<\/p>\n","protected":false},"excerpt":{"rendered":"<p>Conjunto de blus\u00e3o e cal\u00e7a em moletom Marca Pulla Bulla Tamanhos 4, 6, 8, 10<\/p>\n","protected":false},"featured_media":21245,"comment_status":"open","ping_status":"closed","template":"","meta":[],"product_cat":[546,803,808,859],"product_tag":[],"_links":{"self":[{"href":"https:\/\/www.mimosura.com.br\/website\/wp-json\/wp\/v2\/product\/21237"}],"collection":[{"href":"https:\/\/www.mimosura.com.br\/website\/wp-json\/wp\/v2\/product"}],"about":[{"href":"https:\/\/www.mimosura.com.br\/website\/wp-json\/wp\/v2\/types\/product"}],"replies":[{"embeddable":true,"href":"https:\/\/www.mimosura.com.br\/website\/wp-json\/wp\/v2\/comments?post=21237"}],"version-history":[{"count":1,"href":"https:\/\/www.mimosura.com.br\/website\/wp-json\/wp\/v2\/product\/21237\/revisions"}],"predecessor-version":[{"id":21250,"href":"https:\/\/www.mimosura.com.br\/website\/wp-json\/wp\/v2\/product\/21237\/revisions\/21250"}],"wp:featuredmedia":[{"embeddable":true,"href":"https:\/\/www.mimosura.com.br\/website\/wp-json\/wp\/v2\/media\/21245"}],"wp:attachment":[{"href":"https:\/\/www.mimosura.com.br\/website\/wp-json\/wp\/v2\/media?parent=21237"}],"wp:term":[{"taxonomy":"product_cat","embeddable":true,"href":"https:\/\/www.mimosura.com.br\/website\/wp-json\/wp\/v2\/product_cat?post=21237"},{"taxonomy":"product_tag","embeddable":true,"href":"https:\/\/www.mimosura.com.br\/website\/wp-json\/wp\/v2\/product_tag?post=21237"}],"curies":[{"name":"wp","href":"https:\/\/api.w.org\/{rel}","templated":true}]}}