{"id":23148,"date":"2023-06-24T11:36:15","date_gmt":"2023-06-24T14:36:15","guid":{"rendered":"https:\/\/www.mimosura.com.br\/website\/?post_type=product&#038;p=23148"},"modified":"2023-06-24T11:36:15","modified_gmt":"2023-06-24T14:36:15","slug":"colete-de-trico-losango","status":"publish","type":"product","link":"https:\/\/www.mimosura.com.br\/website\/produto\/colete-de-trico-losango\/","title":{"rendered":"Colete de Tric\u00f4 &#8211; Losango"},"content":{"rendered":"<p>Blus\u00e3o de tric\u00f4<\/p>\n<p>Marca Malharia Farroupilha<\/p>\n<p>Tamanhos 4, 6 e 8<\/p>\n","protected":false},"excerpt":{"rendered":"<p>Blus\u00e3o de tric\u00f4 Marca Malharia Farroupilha Tamanhos 4, 6 e 8<\/p>\n","protected":false},"featured_media":23157,"comment_status":"open","ping_status":"closed","template":"","meta":[],"product_cat":[805],"product_tag":[],"_links":{"self":[{"href":"https:\/\/www.mimosura.com.br\/website\/wp-json\/wp\/v2\/product\/23148"}],"collection":[{"href":"https:\/\/www.mimosura.com.br\/website\/wp-json\/wp\/v2\/product"}],"about":[{"href":"https:\/\/www.mimosura.com.br\/website\/wp-json\/wp\/v2\/types\/product"}],"replies":[{"embeddable":true,"href":"https:\/\/www.mimosura.com.br\/website\/wp-json\/wp\/v2\/comments?post=23148"}],"version-history":[{"count":1,"href":"https:\/\/www.mimosura.com.br\/website\/wp-json\/wp\/v2\/product\/23148\/revisions"}],"predecessor-version":[{"id":23176,"href":"https:\/\/www.mimosura.com.br\/website\/wp-json\/wp\/v2\/product\/23148\/revisions\/23176"}],"wp:featuredmedia":[{"embeddable":true,"href":"https:\/\/www.mimosura.com.br\/website\/wp-json\/wp\/v2\/media\/23157"}],"wp:attachment":[{"href":"https:\/\/www.mimosura.com.br\/website\/wp-json\/wp\/v2\/media?parent=23148"}],"wp:term":[{"taxonomy":"product_cat","embeddable":true,"href":"https:\/\/www.mimosura.com.br\/website\/wp-json\/wp\/v2\/product_cat?post=23148"},{"taxonomy":"product_tag","embeddable":true,"href":"https:\/\/www.mimosura.com.br\/website\/wp-json\/wp\/v2\/product_tag?post=23148"}],"curies":[{"name":"wp","href":"https:\/\/api.w.org\/{rel}","templated":true}]}}