{"id":23372,"date":"2023-07-03T12:44:20","date_gmt":"2023-07-03T15:44:20","guid":{"rendered":"https:\/\/www.mimosura.com.br\/website\/?post_type=product&#038;p=23372"},"modified":"2023-07-03T12:44:32","modified_gmt":"2023-07-03T15:44:32","slug":"meia-calca-fio-20","status":"publish","type":"product","link":"https:\/\/www.mimosura.com.br\/website\/produto\/meia-calca-fio-20\/","title":{"rendered":"Meia Cal\u00e7a &#8211; Fio 20"},"content":{"rendered":"<p>Meia cal\u00e7a fio 20 b\u00e1sica<\/p>\n<p>Marca Selene<\/p>\n","protected":false},"excerpt":{"rendered":"<p>Meia cal\u00e7a fio 20 b\u00e1sica Marca Selene<\/p>\n","protected":false},"featured_media":23367,"comment_status":"open","ping_status":"closed","template":"","meta":[],"product_cat":[742],"product_tag":[],"_links":{"self":[{"href":"https:\/\/www.mimosura.com.br\/website\/wp-json\/wp\/v2\/product\/23372"}],"collection":[{"href":"https:\/\/www.mimosura.com.br\/website\/wp-json\/wp\/v2\/product"}],"about":[{"href":"https:\/\/www.mimosura.com.br\/website\/wp-json\/wp\/v2\/types\/product"}],"replies":[{"embeddable":true,"href":"https:\/\/www.mimosura.com.br\/website\/wp-json\/wp\/v2\/comments?post=23372"}],"version-history":[{"count":2,"href":"https:\/\/www.mimosura.com.br\/website\/wp-json\/wp\/v2\/product\/23372\/revisions"}],"predecessor-version":[{"id":23376,"href":"https:\/\/www.mimosura.com.br\/website\/wp-json\/wp\/v2\/product\/23372\/revisions\/23376"}],"wp:featuredmedia":[{"embeddable":true,"href":"https:\/\/www.mimosura.com.br\/website\/wp-json\/wp\/v2\/media\/23367"}],"wp:attachment":[{"href":"https:\/\/www.mimosura.com.br\/website\/wp-json\/wp\/v2\/media?parent=23372"}],"wp:term":[{"taxonomy":"product_cat","embeddable":true,"href":"https:\/\/www.mimosura.com.br\/website\/wp-json\/wp\/v2\/product_cat?post=23372"},{"taxonomy":"product_tag","embeddable":true,"href":"https:\/\/www.mimosura.com.br\/website\/wp-json\/wp\/v2\/product_tag?post=23372"}],"curies":[{"name":"wp","href":"https:\/\/api.w.org\/{rel}","templated":true}]}}