{"id":27309,"date":"2024-03-08T16:39:02","date_gmt":"2024-03-08T19:39:02","guid":{"rendered":"https:\/\/www.mimosura.com.br\/website\/?post_type=product&#038;p=27309"},"modified":"2024-03-08T16:39:03","modified_gmt":"2024-03-08T19:39:03","slug":"calca-imita-jeans","status":"publish","type":"product","link":"https:\/\/www.mimosura.com.br\/website\/produto\/calca-imita-jeans\/","title":{"rendered":"Cal\u00e7a Imita Jeans"},"content":{"rendered":"<p>Cal\u00e7a imita jeans bolsos frontais e cord\u00e3o<\/p>\n<p>Marca Abrange<\/p>\n<p>Tamanhos M, G e GG<\/p>\n","protected":false},"excerpt":{"rendered":"<p>Cal\u00e7a imita jeans bolsos frontais e cord\u00e3o Marca Abrange Tamanhos M, G e GG<\/p>\n","protected":false},"featured_media":27277,"comment_status":"open","ping_status":"closed","template":"","meta":[],"product_cat":[544,754,546],"product_tag":[],"_links":{"self":[{"href":"https:\/\/www.mimosura.com.br\/website\/wp-json\/wp\/v2\/product\/27309"}],"collection":[{"href":"https:\/\/www.mimosura.com.br\/website\/wp-json\/wp\/v2\/product"}],"about":[{"href":"https:\/\/www.mimosura.com.br\/website\/wp-json\/wp\/v2\/types\/product"}],"replies":[{"embeddable":true,"href":"https:\/\/www.mimosura.com.br\/website\/wp-json\/wp\/v2\/comments?post=27309"}],"version-history":[{"count":1,"href":"https:\/\/www.mimosura.com.br\/website\/wp-json\/wp\/v2\/product\/27309\/revisions"}],"predecessor-version":[{"id":27310,"href":"https:\/\/www.mimosura.com.br\/website\/wp-json\/wp\/v2\/product\/27309\/revisions\/27310"}],"wp:featuredmedia":[{"embeddable":true,"href":"https:\/\/www.mimosura.com.br\/website\/wp-json\/wp\/v2\/media\/27277"}],"wp:attachment":[{"href":"https:\/\/www.mimosura.com.br\/website\/wp-json\/wp\/v2\/media?parent=27309"}],"wp:term":[{"taxonomy":"product_cat","embeddable":true,"href":"https:\/\/www.mimosura.com.br\/website\/wp-json\/wp\/v2\/product_cat?post=27309"},{"taxonomy":"product_tag","embeddable":true,"href":"https:\/\/www.mimosura.com.br\/website\/wp-json\/wp\/v2\/product_tag?post=27309"}],"curies":[{"name":"wp","href":"https:\/\/api.w.org\/{rel}","templated":true}]}}