{"id":27722,"date":"2024-03-15T17:30:41","date_gmt":"2024-03-15T20:30:41","guid":{"rendered":"https:\/\/www.mimosura.com.br\/website\/?post_type=product&#038;p=27722"},"modified":"2024-03-15T17:30:41","modified_gmt":"2024-03-15T20:30:41","slug":"calca-jogger-de-moletom-com-ribana-2","status":"publish","type":"product","link":"https:\/\/www.mimosura.com.br\/website\/produto\/calca-jogger-de-moletom-com-ribana-2\/","title":{"rendered":"Cal\u00e7a Jogger de Moletom com Ribana"},"content":{"rendered":"<p>Cal\u00e7a jogger de moletom com ribana no el\u00e1stico e com bolso faca<\/p>\n<p>Marca Alakazoo<\/p>\n<p>Tamanhos 12, 14 e 16<\/p>\n","protected":false},"excerpt":{"rendered":"<p>Cal\u00e7a jogger de moletom com ribana no el\u00e1stico e com bolso faca Marca Alakazoo Tamanhos 12, 14 e 16<\/p>\n","protected":false},"featured_media":27724,"comment_status":"open","ping_status":"closed","template":"","meta":[],"product_cat":[546,812,815],"product_tag":[],"_links":{"self":[{"href":"https:\/\/www.mimosura.com.br\/website\/wp-json\/wp\/v2\/product\/27722"}],"collection":[{"href":"https:\/\/www.mimosura.com.br\/website\/wp-json\/wp\/v2\/product"}],"about":[{"href":"https:\/\/www.mimosura.com.br\/website\/wp-json\/wp\/v2\/types\/product"}],"replies":[{"embeddable":true,"href":"https:\/\/www.mimosura.com.br\/website\/wp-json\/wp\/v2\/comments?post=27722"}],"version-history":[{"count":2,"href":"https:\/\/www.mimosura.com.br\/website\/wp-json\/wp\/v2\/product\/27722\/revisions"}],"predecessor-version":[{"id":27729,"href":"https:\/\/www.mimosura.com.br\/website\/wp-json\/wp\/v2\/product\/27722\/revisions\/27729"}],"wp:featuredmedia":[{"embeddable":true,"href":"https:\/\/www.mimosura.com.br\/website\/wp-json\/wp\/v2\/media\/27724"}],"wp:attachment":[{"href":"https:\/\/www.mimosura.com.br\/website\/wp-json\/wp\/v2\/media?parent=27722"}],"wp:term":[{"taxonomy":"product_cat","embeddable":true,"href":"https:\/\/www.mimosura.com.br\/website\/wp-json\/wp\/v2\/product_cat?post=27722"},{"taxonomy":"product_tag","embeddable":true,"href":"https:\/\/www.mimosura.com.br\/website\/wp-json\/wp\/v2\/product_tag?post=27722"}],"curies":[{"name":"wp","href":"https:\/\/api.w.org\/{rel}","templated":true}]}}