{"id":29559,"date":"2024-09-03T15:24:21","date_gmt":"2024-09-03T18:24:21","guid":{"rendered":"https:\/\/www.mimosura.com.br\/website\/?post_type=product&#038;p=29559"},"modified":"2025-12-03T16:42:30","modified_gmt":"2025-12-03T19:42:30","slug":"conjunto-3-pecas-lilas-e-amarelo-peixinhos","status":"publish","type":"product","link":"https:\/\/www.mimosura.com.br\/website\/produto\/conjunto-3-pecas-lilas-e-amarelo-peixinhos\/","title":{"rendered":"Conjunto 3 Pe\u00e7as Lil\u00e1s e Amarelo Peixinhos"},"content":{"rendered":"<p>Conjunto 3 pe\u00e7as lil\u00e1s e amarelo peixinhos<\/p>\n<p>Marca Elian<\/p>\n<p>Tamanho P<\/p>\n","protected":false},"excerpt":{"rendered":"<p>Conjunto 3 pe\u00e7as lil\u00e1s e amarelo peixinhos Marca Elian Tamanho P<\/p>\n","protected":false},"featured_media":29437,"comment_status":"open","ping_status":"closed","template":"","meta":[],"product_cat":[544,750,848],"product_tag":[],"_links":{"self":[{"href":"https:\/\/www.mimosura.com.br\/website\/wp-json\/wp\/v2\/product\/29559"}],"collection":[{"href":"https:\/\/www.mimosura.com.br\/website\/wp-json\/wp\/v2\/product"}],"about":[{"href":"https:\/\/www.mimosura.com.br\/website\/wp-json\/wp\/v2\/types\/product"}],"replies":[{"embeddable":true,"href":"https:\/\/www.mimosura.com.br\/website\/wp-json\/wp\/v2\/comments?post=29559"}],"version-history":[{"count":3,"href":"https:\/\/www.mimosura.com.br\/website\/wp-json\/wp\/v2\/product\/29559\/revisions"}],"predecessor-version":[{"id":36685,"href":"https:\/\/www.mimosura.com.br\/website\/wp-json\/wp\/v2\/product\/29559\/revisions\/36685"}],"wp:featuredmedia":[{"embeddable":true,"href":"https:\/\/www.mimosura.com.br\/website\/wp-json\/wp\/v2\/media\/29437"}],"wp:attachment":[{"href":"https:\/\/www.mimosura.com.br\/website\/wp-json\/wp\/v2\/media?parent=29559"}],"wp:term":[{"taxonomy":"product_cat","embeddable":true,"href":"https:\/\/www.mimosura.com.br\/website\/wp-json\/wp\/v2\/product_cat?post=29559"},{"taxonomy":"product_tag","embeddable":true,"href":"https:\/\/www.mimosura.com.br\/website\/wp-json\/wp\/v2\/product_tag?post=29559"}],"curies":[{"name":"wp","href":"https:\/\/api.w.org\/{rel}","templated":true}]}}