{"id":29731,"date":"2024-09-03T15:24:12","date_gmt":"2024-09-03T18:24:12","guid":{"rendered":"https:\/\/www.mimosura.com.br\/website\/?post_type=product&#038;p=29731"},"modified":"2025-12-03T11:27:56","modified_gmt":"2025-12-03T14:27:56","slug":"vestido-lilas-malha-imita-pique","status":"publish","type":"product","link":"https:\/\/www.mimosura.com.br\/website\/produto\/vestido-lilas-malha-imita-pique\/","title":{"rendered":"Vestido Lil\u00e1s Malha Imita Piqu\u00ea"},"content":{"rendered":"<p>Vestido lil\u00e1s malha imita piqu\u00ea<\/p>\n<p>Marca Brandili<\/p>\n<p>Tamanho 1<\/p>\n","protected":false},"excerpt":{"rendered":"<p>Vestido lil\u00e1s malha imita piqu\u00ea Marca Brandili Tamanho 1<\/p>\n","protected":false},"featured_media":29710,"comment_status":"open","ping_status":"closed","template":"","meta":[],"product_cat":[547,755,764,893],"product_tag":[],"_links":{"self":[{"href":"https:\/\/www.mimosura.com.br\/website\/wp-json\/wp\/v2\/product\/29731"}],"collection":[{"href":"https:\/\/www.mimosura.com.br\/website\/wp-json\/wp\/v2\/product"}],"about":[{"href":"https:\/\/www.mimosura.com.br\/website\/wp-json\/wp\/v2\/types\/product"}],"replies":[{"embeddable":true,"href":"https:\/\/www.mimosura.com.br\/website\/wp-json\/wp\/v2\/comments?post=29731"}],"version-history":[{"count":3,"href":"https:\/\/www.mimosura.com.br\/website\/wp-json\/wp\/v2\/product\/29731\/revisions"}],"predecessor-version":[{"id":36508,"href":"https:\/\/www.mimosura.com.br\/website\/wp-json\/wp\/v2\/product\/29731\/revisions\/36508"}],"wp:featuredmedia":[{"embeddable":true,"href":"https:\/\/www.mimosura.com.br\/website\/wp-json\/wp\/v2\/media\/29710"}],"wp:attachment":[{"href":"https:\/\/www.mimosura.com.br\/website\/wp-json\/wp\/v2\/media?parent=29731"}],"wp:term":[{"taxonomy":"product_cat","embeddable":true,"href":"https:\/\/www.mimosura.com.br\/website\/wp-json\/wp\/v2\/product_cat?post=29731"},{"taxonomy":"product_tag","embeddable":true,"href":"https:\/\/www.mimosura.com.br\/website\/wp-json\/wp\/v2\/product_tag?post=29731"}],"curies":[{"name":"wp","href":"https:\/\/api.w.org\/{rel}","templated":true}]}}