{"id":31840,"date":"2025-03-13T15:20:48","date_gmt":"2025-03-13T18:20:48","guid":{"rendered":"https:\/\/www.mimosura.com.br\/website\/?post_type=product&#038;p=31840"},"modified":"2025-03-19T16:50:59","modified_gmt":"2025-03-19T19:50:59","slug":"calca-moletom-basica","status":"publish","type":"product","link":"https:\/\/www.mimosura.com.br\/website\/produto\/calca-moletom-basica\/","title":{"rendered":"Cal\u00e7a Moletinho B\u00e1sica"},"content":{"rendered":"<p>Cal\u00e7a Moletinho B\u00e1sica<\/p>\n<p>Marca Fakini<\/p>\n<p>Tamanhos 10, 12, 14 e 16<\/p>\n","protected":false},"excerpt":{"rendered":"<p>Cal\u00e7a Moletinho B\u00e1sica Marca Fakini Tamanhos 10, 12, 14 e 16<\/p>\n","protected":false},"featured_media":31760,"comment_status":"open","ping_status":"closed","template":"","meta":[],"product_cat":[546,812,815],"product_tag":[],"_links":{"self":[{"href":"https:\/\/www.mimosura.com.br\/website\/wp-json\/wp\/v2\/product\/31840"}],"collection":[{"href":"https:\/\/www.mimosura.com.br\/website\/wp-json\/wp\/v2\/product"}],"about":[{"href":"https:\/\/www.mimosura.com.br\/website\/wp-json\/wp\/v2\/types\/product"}],"replies":[{"embeddable":true,"href":"https:\/\/www.mimosura.com.br\/website\/wp-json\/wp\/v2\/comments?post=31840"}],"version-history":[{"count":2,"href":"https:\/\/www.mimosura.com.br\/website\/wp-json\/wp\/v2\/product\/31840\/revisions"}],"predecessor-version":[{"id":32227,"href":"https:\/\/www.mimosura.com.br\/website\/wp-json\/wp\/v2\/product\/31840\/revisions\/32227"}],"wp:featuredmedia":[{"embeddable":true,"href":"https:\/\/www.mimosura.com.br\/website\/wp-json\/wp\/v2\/media\/31760"}],"wp:attachment":[{"href":"https:\/\/www.mimosura.com.br\/website\/wp-json\/wp\/v2\/media?parent=31840"}],"wp:term":[{"taxonomy":"product_cat","embeddable":true,"href":"https:\/\/www.mimosura.com.br\/website\/wp-json\/wp\/v2\/product_cat?post=31840"},{"taxonomy":"product_tag","embeddable":true,"href":"https:\/\/www.mimosura.com.br\/website\/wp-json\/wp\/v2\/product_tag?post=31840"}],"curies":[{"name":"wp","href":"https:\/\/api.w.org\/{rel}","templated":true}]}}