{"id":32212,"date":"2025-03-19T16:23:59","date_gmt":"2025-03-19T19:23:59","guid":{"rendered":"https:\/\/www.mimosura.com.br\/website\/?post_type=product&#038;p=32212"},"modified":"2025-03-19T16:24:00","modified_gmt":"2025-03-19T19:24:00","slug":"calca-jogger-preta-em-moletom-flame","status":"publish","type":"product","link":"https:\/\/www.mimosura.com.br\/website\/produto\/calca-jogger-preta-em-moletom-flame\/","title":{"rendered":"Cal\u00e7a Jogger Preta em Moletom Flam\u00ea"},"content":{"rendered":"<p>Cal\u00e7a Jogger Preta em Moletom Flam\u00ea<\/p>\n<p>Marca Brandili<\/p>\n<p>Tamanhos 12, 14 e 16<\/p>\n","protected":false},"excerpt":{"rendered":"<p>Cal\u00e7a Jogger Preta em Moletom Flam\u00ea Marca Brandili Tamanhos 12, 14 e 16<\/p>\n","protected":false},"featured_media":31992,"comment_status":"open","ping_status":"closed","template":"","meta":[],"product_cat":[546,812,815],"product_tag":[],"_links":{"self":[{"href":"https:\/\/www.mimosura.com.br\/website\/wp-json\/wp\/v2\/product\/32212"}],"collection":[{"href":"https:\/\/www.mimosura.com.br\/website\/wp-json\/wp\/v2\/product"}],"about":[{"href":"https:\/\/www.mimosura.com.br\/website\/wp-json\/wp\/v2\/types\/product"}],"replies":[{"embeddable":true,"href":"https:\/\/www.mimosura.com.br\/website\/wp-json\/wp\/v2\/comments?post=32212"}],"version-history":[{"count":1,"href":"https:\/\/www.mimosura.com.br\/website\/wp-json\/wp\/v2\/product\/32212\/revisions"}],"predecessor-version":[{"id":32213,"href":"https:\/\/www.mimosura.com.br\/website\/wp-json\/wp\/v2\/product\/32212\/revisions\/32213"}],"wp:featuredmedia":[{"embeddable":true,"href":"https:\/\/www.mimosura.com.br\/website\/wp-json\/wp\/v2\/media\/31992"}],"wp:attachment":[{"href":"https:\/\/www.mimosura.com.br\/website\/wp-json\/wp\/v2\/media?parent=32212"}],"wp:term":[{"taxonomy":"product_cat","embeddable":true,"href":"https:\/\/www.mimosura.com.br\/website\/wp-json\/wp\/v2\/product_cat?post=32212"},{"taxonomy":"product_tag","embeddable":true,"href":"https:\/\/www.mimosura.com.br\/website\/wp-json\/wp\/v2\/product_tag?post=32212"}],"curies":[{"name":"wp","href":"https:\/\/api.w.org\/{rel}","templated":true}]}}