{"id":32401,"date":"2025-03-26T15:40:19","date_gmt":"2025-03-26T18:40:19","guid":{"rendered":"https:\/\/www.mimosura.com.br\/website\/?post_type=product&#038;p=32401"},"modified":"2025-04-04T16:55:42","modified_gmt":"2025-04-04T19:55:42","slug":"moletom-capuccino-florescer-vem-de-dentro-do-coracao","status":"publish","type":"product","link":"https:\/\/www.mimosura.com.br\/website\/produto\/moletom-capuccino-florescer-vem-de-dentro-do-coracao\/","title":{"rendered":"Moletom Capuccino &#8220;Florescer vem de dentro do cora\u00e7\u00e3o&#8221;"},"content":{"rendered":"<p>Moletom Capuccino &#8220;Florescer vem de dentro do cora\u00e7\u00e3o&#8221;<\/p>\n<p>Marca Fakini<\/p>\n<p>Tamanhos 4, 6, 8 e 10<\/p>\n","protected":false},"excerpt":{"rendered":"<p>Moletom Capuccino &#8220;Florescer vem de dentro do cora\u00e7\u00e3o&#8221; Marca Fakini Tamanhos 4, 6, 8 e 10<\/p>\n","protected":false},"featured_media":32371,"comment_status":"open","ping_status":"closed","template":"","meta":[],"product_cat":[547,765,768],"product_tag":[],"_links":{"self":[{"href":"https:\/\/www.mimosura.com.br\/website\/wp-json\/wp\/v2\/product\/32401"}],"collection":[{"href":"https:\/\/www.mimosura.com.br\/website\/wp-json\/wp\/v2\/product"}],"about":[{"href":"https:\/\/www.mimosura.com.br\/website\/wp-json\/wp\/v2\/types\/product"}],"replies":[{"embeddable":true,"href":"https:\/\/www.mimosura.com.br\/website\/wp-json\/wp\/v2\/comments?post=32401"}],"version-history":[{"count":2,"href":"https:\/\/www.mimosura.com.br\/website\/wp-json\/wp\/v2\/product\/32401\/revisions"}],"predecessor-version":[{"id":32403,"href":"https:\/\/www.mimosura.com.br\/website\/wp-json\/wp\/v2\/product\/32401\/revisions\/32403"}],"wp:featuredmedia":[{"embeddable":true,"href":"https:\/\/www.mimosura.com.br\/website\/wp-json\/wp\/v2\/media\/32371"}],"wp:attachment":[{"href":"https:\/\/www.mimosura.com.br\/website\/wp-json\/wp\/v2\/media?parent=32401"}],"wp:term":[{"taxonomy":"product_cat","embeddable":true,"href":"https:\/\/www.mimosura.com.br\/website\/wp-json\/wp\/v2\/product_cat?post=32401"},{"taxonomy":"product_tag","embeddable":true,"href":"https:\/\/www.mimosura.com.br\/website\/wp-json\/wp\/v2\/product_tag?post=32401"}],"curies":[{"name":"wp","href":"https:\/\/api.w.org\/{rel}","templated":true}]}}