{"id":33359,"date":"2025-06-09T16:48:08","date_gmt":"2025-06-09T19:48:08","guid":{"rendered":"https:\/\/www.mimosura.com.br\/website\/?post_type=product&#038;p=33359"},"modified":"2025-08-14T17:18:34","modified_gmt":"2025-08-14T20:18:34","slug":"blusao-ursinho-e-coracoes-em-trico","status":"publish","type":"product","link":"https:\/\/www.mimosura.com.br\/website\/produto\/blusao-ursinho-e-coracoes-em-trico\/","title":{"rendered":"Blus\u00e3o &#8220;Ursinho e Cora\u00e7\u00f5es&#8221; em Tric\u00f4"},"content":{"rendered":"<p>Blus\u00e3o &#8220;Ursinho e Cora\u00e7\u00f5es&#8221; em Tric\u00f4<\/p>\n<p>Marca Bela Bilu<\/p>\n<p>Tamanhos 4, 6, 8 e 10<\/p>\n","protected":false},"excerpt":{"rendered":"<p>Blus\u00e3o &#8220;Ursinho e Cora\u00e7\u00f5es&#8221; em Tric\u00f4 Marca Bela Bilu Tamanhos 4, 6, 8 e 10<\/p>\n","protected":false},"featured_media":33345,"comment_status":"open","ping_status":"closed","template":"","meta":[],"product_cat":[547,765,768],"product_tag":[],"_links":{"self":[{"href":"https:\/\/www.mimosura.com.br\/website\/wp-json\/wp\/v2\/product\/33359"}],"collection":[{"href":"https:\/\/www.mimosura.com.br\/website\/wp-json\/wp\/v2\/product"}],"about":[{"href":"https:\/\/www.mimosura.com.br\/website\/wp-json\/wp\/v2\/types\/product"}],"replies":[{"embeddable":true,"href":"https:\/\/www.mimosura.com.br\/website\/wp-json\/wp\/v2\/comments?post=33359"}],"version-history":[{"count":1,"href":"https:\/\/www.mimosura.com.br\/website\/wp-json\/wp\/v2\/product\/33359\/revisions"}],"predecessor-version":[{"id":33360,"href":"https:\/\/www.mimosura.com.br\/website\/wp-json\/wp\/v2\/product\/33359\/revisions\/33360"}],"wp:featuredmedia":[{"embeddable":true,"href":"https:\/\/www.mimosura.com.br\/website\/wp-json\/wp\/v2\/media\/33345"}],"wp:attachment":[{"href":"https:\/\/www.mimosura.com.br\/website\/wp-json\/wp\/v2\/media?parent=33359"}],"wp:term":[{"taxonomy":"product_cat","embeddable":true,"href":"https:\/\/www.mimosura.com.br\/website\/wp-json\/wp\/v2\/product_cat?post=33359"},{"taxonomy":"product_tag","embeddable":true,"href":"https:\/\/www.mimosura.com.br\/website\/wp-json\/wp\/v2\/product_tag?post=33359"}],"curies":[{"name":"wp","href":"https:\/\/api.w.org\/{rel}","templated":true}]}}