{"id":33361,"date":"2025-06-09T16:48:39","date_gmt":"2025-06-09T19:48:39","guid":{"rendered":"https:\/\/www.mimosura.com.br\/website\/?post_type=product&#038;p=33361"},"modified":"2025-08-14T17:18:34","modified_gmt":"2025-08-14T20:18:34","slug":"blusao-azul-em-trico-2","status":"publish","type":"product","link":"https:\/\/www.mimosura.com.br\/website\/produto\/blusao-azul-em-trico-2\/","title":{"rendered":"Blus\u00e3o Azul em Tric\u00f4"},"content":{"rendered":"<p>Blus\u00e3o Azul em Tric\u00f4<\/p>\n<p>Marca Bela Bilu<\/p>\n<p>Tamanhos 4, 6, 8 e 10<\/p>\n","protected":false},"excerpt":{"rendered":"<p>Blus\u00e3o Azul em Tric\u00f4 Marca Bela Bilu Tamanhos 4, 6, 8 e 10<\/p>\n","protected":false},"featured_media":33344,"comment_status":"open","ping_status":"closed","template":"","meta":[],"product_cat":[546,803,805],"product_tag":[],"_links":{"self":[{"href":"https:\/\/www.mimosura.com.br\/website\/wp-json\/wp\/v2\/product\/33361"}],"collection":[{"href":"https:\/\/www.mimosura.com.br\/website\/wp-json\/wp\/v2\/product"}],"about":[{"href":"https:\/\/www.mimosura.com.br\/website\/wp-json\/wp\/v2\/types\/product"}],"replies":[{"embeddable":true,"href":"https:\/\/www.mimosura.com.br\/website\/wp-json\/wp\/v2\/comments?post=33361"}],"version-history":[{"count":2,"href":"https:\/\/www.mimosura.com.br\/website\/wp-json\/wp\/v2\/product\/33361\/revisions"}],"predecessor-version":[{"id":33363,"href":"https:\/\/www.mimosura.com.br\/website\/wp-json\/wp\/v2\/product\/33361\/revisions\/33363"}],"wp:featuredmedia":[{"embeddable":true,"href":"https:\/\/www.mimosura.com.br\/website\/wp-json\/wp\/v2\/media\/33344"}],"wp:attachment":[{"href":"https:\/\/www.mimosura.com.br\/website\/wp-json\/wp\/v2\/media?parent=33361"}],"wp:term":[{"taxonomy":"product_cat","embeddable":true,"href":"https:\/\/www.mimosura.com.br\/website\/wp-json\/wp\/v2\/product_cat?post=33361"},{"taxonomy":"product_tag","embeddable":true,"href":"https:\/\/www.mimosura.com.br\/website\/wp-json\/wp\/v2\/product_tag?post=33361"}],"curies":[{"name":"wp","href":"https:\/\/api.w.org\/{rel}","templated":true}]}}