{"id":33364,"date":"2025-06-09T16:49:14","date_gmt":"2025-06-09T19:49:14","guid":{"rendered":"https:\/\/www.mimosura.com.br\/website\/?post_type=product&#038;p=33364"},"modified":"2025-08-14T17:18:33","modified_gmt":"2025-08-14T20:18:33","slug":"blusao-em-trico-com-capuz","status":"publish","type":"product","link":"https:\/\/www.mimosura.com.br\/website\/produto\/blusao-em-trico-com-capuz\/","title":{"rendered":"Blus\u00e3o em Tric\u00f4 com Capuz"},"content":{"rendered":"<p>Blus\u00e3o em Tric\u00f4 com Capuz<\/p>\n<p>Marca Bela Bilu<\/p>\n<p>Tamanhos 4, 6, 8 e 10<\/p>\n","protected":false},"excerpt":{"rendered":"<p>Blus\u00e3o em Tric\u00f4 com Capuz Marca Bela Bilu Tamanhos 4, 6, 8 e 10<\/p>\n","protected":false},"featured_media":33343,"comment_status":"open","ping_status":"closed","template":"","meta":[],"product_cat":[546,803,805],"product_tag":[],"_links":{"self":[{"href":"https:\/\/www.mimosura.com.br\/website\/wp-json\/wp\/v2\/product\/33364"}],"collection":[{"href":"https:\/\/www.mimosura.com.br\/website\/wp-json\/wp\/v2\/product"}],"about":[{"href":"https:\/\/www.mimosura.com.br\/website\/wp-json\/wp\/v2\/types\/product"}],"replies":[{"embeddable":true,"href":"https:\/\/www.mimosura.com.br\/website\/wp-json\/wp\/v2\/comments?post=33364"}],"version-history":[{"count":1,"href":"https:\/\/www.mimosura.com.br\/website\/wp-json\/wp\/v2\/product\/33364\/revisions"}],"predecessor-version":[{"id":33365,"href":"https:\/\/www.mimosura.com.br\/website\/wp-json\/wp\/v2\/product\/33364\/revisions\/33365"}],"wp:featuredmedia":[{"embeddable":true,"href":"https:\/\/www.mimosura.com.br\/website\/wp-json\/wp\/v2\/media\/33343"}],"wp:attachment":[{"href":"https:\/\/www.mimosura.com.br\/website\/wp-json\/wp\/v2\/media?parent=33364"}],"wp:term":[{"taxonomy":"product_cat","embeddable":true,"href":"https:\/\/www.mimosura.com.br\/website\/wp-json\/wp\/v2\/product_cat?post=33364"},{"taxonomy":"product_tag","embeddable":true,"href":"https:\/\/www.mimosura.com.br\/website\/wp-json\/wp\/v2\/product_tag?post=33364"}],"curies":[{"name":"wp","href":"https:\/\/api.w.org\/{rel}","templated":true}]}}