{"id":33776,"date":"2025-08-21T15:45:12","date_gmt":"2025-08-21T18:45:12","guid":{"rendered":"https:\/\/www.mimosura.com.br\/website\/?post_type=product&#038;p=33776"},"modified":"2025-08-21T15:45:12","modified_gmt":"2025-08-21T18:45:12","slug":"camiseta-abencoado-por-deus-em-malha-flame","status":"publish","type":"product","link":"https:\/\/www.mimosura.com.br\/website\/produto\/camiseta-abencoado-por-deus-em-malha-flame\/","title":{"rendered":"Camiseta &#8220;Aben\u00e7oado por Deus&#8221; em Malha Flam\u00ea"},"content":{"rendered":"<p>Camiseta &#8220;Aben\u00e7oado por Deus&#8221; em Malha Flam\u00ea<\/p>\n<p>Marca Fakini<\/p>\n<p>Tamanhos 1, 2 e 3<\/p>\n","protected":false},"excerpt":{"rendered":"<p>Camiseta &#8220;Aben\u00e7oado por Deus&#8221; em Malha Flam\u00ea Marca Fakini Tamanhos 1, 2 e 3<\/p>\n","protected":false},"featured_media":33623,"comment_status":"open","ping_status":"closed","template":"","meta":[],"product_cat":[546,785,802,887],"product_tag":[],"_links":{"self":[{"href":"https:\/\/www.mimosura.com.br\/website\/wp-json\/wp\/v2\/product\/33776"}],"collection":[{"href":"https:\/\/www.mimosura.com.br\/website\/wp-json\/wp\/v2\/product"}],"about":[{"href":"https:\/\/www.mimosura.com.br\/website\/wp-json\/wp\/v2\/types\/product"}],"replies":[{"embeddable":true,"href":"https:\/\/www.mimosura.com.br\/website\/wp-json\/wp\/v2\/comments?post=33776"}],"version-history":[{"count":1,"href":"https:\/\/www.mimosura.com.br\/website\/wp-json\/wp\/v2\/product\/33776\/revisions"}],"predecessor-version":[{"id":33777,"href":"https:\/\/www.mimosura.com.br\/website\/wp-json\/wp\/v2\/product\/33776\/revisions\/33777"}],"wp:featuredmedia":[{"embeddable":true,"href":"https:\/\/www.mimosura.com.br\/website\/wp-json\/wp\/v2\/media\/33623"}],"wp:attachment":[{"href":"https:\/\/www.mimosura.com.br\/website\/wp-json\/wp\/v2\/media?parent=33776"}],"wp:term":[{"taxonomy":"product_cat","embeddable":true,"href":"https:\/\/www.mimosura.com.br\/website\/wp-json\/wp\/v2\/product_cat?post=33776"},{"taxonomy":"product_tag","embeddable":true,"href":"https:\/\/www.mimosura.com.br\/website\/wp-json\/wp\/v2\/product_tag?post=33776"}],"curies":[{"name":"wp","href":"https:\/\/api.w.org\/{rel}","templated":true}]}}