{"id":34638,"date":"2025-10-08T17:09:42","date_gmt":"2025-10-08T20:09:42","guid":{"rendered":"https:\/\/www.mimosura.com.br\/website\/?post_type=product&#038;p=34638"},"modified":"2025-12-03T11:16:38","modified_gmt":"2025-12-03T14:16:38","slug":"conjunto-em-malha-texturizada-com-short-detalhe-amarracao","status":"publish","type":"product","link":"https:\/\/www.mimosura.com.br\/website\/produto\/conjunto-em-malha-texturizada-com-short-detalhe-amarracao\/","title":{"rendered":"Conjunto em Malha Texturizada com Short Detalhe Amarra\u00e7\u00e3o"},"content":{"rendered":"<p>Conjunto em Malha Texturizada com Short Detalhe Amarra\u00e7\u00e3o<\/p>\n<p>Marca Lecimar<\/p>\n<p>Tamanhos 1 e 3<\/p>\n","protected":false},"excerpt":{"rendered":"<p>Conjunto em Malha Texturizada com Short Detalhe Amarra\u00e7\u00e3o Marca Lecimar Tamanhos 1 e 3<\/p>\n","protected":false},"featured_media":34508,"comment_status":"open","ping_status":"closed","template":"","meta":[],"product_cat":[547,755,761,850],"product_tag":[],"_links":{"self":[{"href":"https:\/\/www.mimosura.com.br\/website\/wp-json\/wp\/v2\/product\/34638"}],"collection":[{"href":"https:\/\/www.mimosura.com.br\/website\/wp-json\/wp\/v2\/product"}],"about":[{"href":"https:\/\/www.mimosura.com.br\/website\/wp-json\/wp\/v2\/types\/product"}],"replies":[{"embeddable":true,"href":"https:\/\/www.mimosura.com.br\/website\/wp-json\/wp\/v2\/comments?post=34638"}],"version-history":[{"count":4,"href":"https:\/\/www.mimosura.com.br\/website\/wp-json\/wp\/v2\/product\/34638\/revisions"}],"predecessor-version":[{"id":36631,"href":"https:\/\/www.mimosura.com.br\/website\/wp-json\/wp\/v2\/product\/34638\/revisions\/36631"}],"wp:featuredmedia":[{"embeddable":true,"href":"https:\/\/www.mimosura.com.br\/website\/wp-json\/wp\/v2\/media\/34508"}],"wp:attachment":[{"href":"https:\/\/www.mimosura.com.br\/website\/wp-json\/wp\/v2\/media?parent=34638"}],"wp:term":[{"taxonomy":"product_cat","embeddable":true,"href":"https:\/\/www.mimosura.com.br\/website\/wp-json\/wp\/v2\/product_cat?post=34638"},{"taxonomy":"product_tag","embeddable":true,"href":"https:\/\/www.mimosura.com.br\/website\/wp-json\/wp\/v2\/product_tag?post=34638"}],"curies":[{"name":"wp","href":"https:\/\/api.w.org\/{rel}","templated":true}]}}