{"id":34656,"date":"2025-10-08T17:19:10","date_gmt":"2025-10-08T20:19:10","guid":{"rendered":"https:\/\/www.mimosura.com.br\/website\/?post_type=product&#038;p=34656"},"modified":"2025-12-03T16:48:56","modified_gmt":"2025-12-03T19:48:56","slug":"conjunto-polo-em-pique-leve-com-bermuda-de-malha-imita-jeans","status":"publish","type":"product","link":"https:\/\/www.mimosura.com.br\/website\/produto\/conjunto-polo-em-pique-leve-com-bermuda-de-malha-imita-jeans\/","title":{"rendered":"Conjunto P\u00f3lo em Piqu\u00ea Leve com Bermuda de Malha Imita Jeans"},"content":{"rendered":"<p>Conjunto P\u00f3lo em Piqu\u00ea Leve com Bermuda de Malha Imita Jeans<\/p>\n<p>Marca Lecimar<\/p>\n<p>Tamanho 1<\/p>\n","protected":false},"excerpt":{"rendered":"<p>Conjunto P\u00f3lo em Piqu\u00ea Leve com Bermuda de Malha Imita Jeans Marca Lecimar Tamanho 1<\/p>\n","protected":false},"featured_media":34516,"comment_status":"open","ping_status":"closed","template":"","meta":[],"product_cat":[546,785,798,856],"product_tag":[],"_links":{"self":[{"href":"https:\/\/www.mimosura.com.br\/website\/wp-json\/wp\/v2\/product\/34656"}],"collection":[{"href":"https:\/\/www.mimosura.com.br\/website\/wp-json\/wp\/v2\/product"}],"about":[{"href":"https:\/\/www.mimosura.com.br\/website\/wp-json\/wp\/v2\/types\/product"}],"replies":[{"embeddable":true,"href":"https:\/\/www.mimosura.com.br\/website\/wp-json\/wp\/v2\/comments?post=34656"}],"version-history":[{"count":5,"href":"https:\/\/www.mimosura.com.br\/website\/wp-json\/wp\/v2\/product\/34656\/revisions"}],"predecessor-version":[{"id":36698,"href":"https:\/\/www.mimosura.com.br\/website\/wp-json\/wp\/v2\/product\/34656\/revisions\/36698"}],"wp:featuredmedia":[{"embeddable":true,"href":"https:\/\/www.mimosura.com.br\/website\/wp-json\/wp\/v2\/media\/34516"}],"wp:attachment":[{"href":"https:\/\/www.mimosura.com.br\/website\/wp-json\/wp\/v2\/media?parent=34656"}],"wp:term":[{"taxonomy":"product_cat","embeddable":true,"href":"https:\/\/www.mimosura.com.br\/website\/wp-json\/wp\/v2\/product_cat?post=34656"},{"taxonomy":"product_tag","embeddable":true,"href":"https:\/\/www.mimosura.com.br\/website\/wp-json\/wp\/v2\/product_tag?post=34656"}],"curies":[{"name":"wp","href":"https:\/\/api.w.org\/{rel}","templated":true}]}}