{"id":34703,"date":"2025-10-09T15:16:00","date_gmt":"2025-10-09T18:16:00","guid":{"rendered":"https:\/\/www.mimosura.com.br\/website\/?post_type=product&#038;p=34703"},"modified":"2025-10-09T15:16:01","modified_gmt":"2025-10-09T18:16:01","slug":"conjunto-com-fator-de-protecao-solar","status":"publish","type":"product","link":"https:\/\/www.mimosura.com.br\/website\/produto\/conjunto-com-fator-de-protecao-solar\/","title":{"rendered":"Conjunto com Fator de Prote\u00e7\u00e3o Solar"},"content":{"rendered":"<p>Conjunto com Fator de Prote\u00e7\u00e3o Solar<\/p>\n<p>Marca Boca Grande<\/p>\n<p>Tamanhos 1, 2 e 3<\/p>\n","protected":false},"excerpt":{"rendered":"<p>Conjunto com Fator de Prote\u00e7\u00e3o Solar Marca Boca Grande Tamanhos 1, 2 e 3<\/p>\n","protected":false},"featured_media":34535,"comment_status":"open","ping_status":"closed","template":"","meta":[],"product_cat":[546,785,827],"product_tag":[],"_links":{"self":[{"href":"https:\/\/www.mimosura.com.br\/website\/wp-json\/wp\/v2\/product\/34703"}],"collection":[{"href":"https:\/\/www.mimosura.com.br\/website\/wp-json\/wp\/v2\/product"}],"about":[{"href":"https:\/\/www.mimosura.com.br\/website\/wp-json\/wp\/v2\/types\/product"}],"replies":[{"embeddable":true,"href":"https:\/\/www.mimosura.com.br\/website\/wp-json\/wp\/v2\/comments?post=34703"}],"version-history":[{"count":1,"href":"https:\/\/www.mimosura.com.br\/website\/wp-json\/wp\/v2\/product\/34703\/revisions"}],"predecessor-version":[{"id":34704,"href":"https:\/\/www.mimosura.com.br\/website\/wp-json\/wp\/v2\/product\/34703\/revisions\/34704"}],"wp:featuredmedia":[{"embeddable":true,"href":"https:\/\/www.mimosura.com.br\/website\/wp-json\/wp\/v2\/media\/34535"}],"wp:attachment":[{"href":"https:\/\/www.mimosura.com.br\/website\/wp-json\/wp\/v2\/media?parent=34703"}],"wp:term":[{"taxonomy":"product_cat","embeddable":true,"href":"https:\/\/www.mimosura.com.br\/website\/wp-json\/wp\/v2\/product_cat?post=34703"},{"taxonomy":"product_tag","embeddable":true,"href":"https:\/\/www.mimosura.com.br\/website\/wp-json\/wp\/v2\/product_tag?post=34703"}],"curies":[{"name":"wp","href":"https:\/\/api.w.org\/{rel}","templated":true}]}}