{"id":34707,"date":"2025-10-09T15:19:00","date_gmt":"2025-10-09T18:19:00","guid":{"rendered":"https:\/\/www.mimosura.com.br\/website\/?post_type=product&#038;p=34707"},"modified":"2025-10-09T15:19:00","modified_gmt":"2025-10-09T18:19:00","slug":"conjunto-dino-com-fator-de-protecao-solar","status":"publish","type":"product","link":"https:\/\/www.mimosura.com.br\/website\/produto\/conjunto-dino-com-fator-de-protecao-solar\/","title":{"rendered":"Conjunto Dino com Fator de Prote\u00e7\u00e3o Solar"},"content":{"rendered":"<p>Conjunto Dino com Fator de Prote\u00e7\u00e3o Solar<\/p>\n<p>Marca Boca Grande<\/p>\n<p>Tamanhos 1, 2 e 3<\/p>\n","protected":false},"excerpt":{"rendered":"<p>Conjunto Dino com Fator de Prote\u00e7\u00e3o Solar Marca Boca Grande Tamanhos 1, 2 e 3<\/p>\n","protected":false},"featured_media":34549,"comment_status":"open","ping_status":"closed","template":"","meta":[],"product_cat":[546,785,827],"product_tag":[],"_links":{"self":[{"href":"https:\/\/www.mimosura.com.br\/website\/wp-json\/wp\/v2\/product\/34707"}],"collection":[{"href":"https:\/\/www.mimosura.com.br\/website\/wp-json\/wp\/v2\/product"}],"about":[{"href":"https:\/\/www.mimosura.com.br\/website\/wp-json\/wp\/v2\/types\/product"}],"replies":[{"embeddable":true,"href":"https:\/\/www.mimosura.com.br\/website\/wp-json\/wp\/v2\/comments?post=34707"}],"version-history":[{"count":1,"href":"https:\/\/www.mimosura.com.br\/website\/wp-json\/wp\/v2\/product\/34707\/revisions"}],"predecessor-version":[{"id":34708,"href":"https:\/\/www.mimosura.com.br\/website\/wp-json\/wp\/v2\/product\/34707\/revisions\/34708"}],"wp:featuredmedia":[{"embeddable":true,"href":"https:\/\/www.mimosura.com.br\/website\/wp-json\/wp\/v2\/media\/34549"}],"wp:attachment":[{"href":"https:\/\/www.mimosura.com.br\/website\/wp-json\/wp\/v2\/media?parent=34707"}],"wp:term":[{"taxonomy":"product_cat","embeddable":true,"href":"https:\/\/www.mimosura.com.br\/website\/wp-json\/wp\/v2\/product_cat?post=34707"},{"taxonomy":"product_tag","embeddable":true,"href":"https:\/\/www.mimosura.com.br\/website\/wp-json\/wp\/v2\/product_tag?post=34707"}],"curies":[{"name":"wp","href":"https:\/\/api.w.org\/{rel}","templated":true}]}}