{"id":34953,"date":"2025-10-14T15:41:54","date_gmt":"2025-10-14T18:41:54","guid":{"rendered":"https:\/\/www.mimosura.com.br\/website\/?post_type=product&#038;p=34953"},"modified":"2025-10-14T15:41:55","modified_gmt":"2025-10-14T18:41:55","slug":"vestido-alcinha-em-malha-com-detalhe-amarracao-nas-costas","status":"publish","type":"product","link":"https:\/\/www.mimosura.com.br\/website\/produto\/vestido-alcinha-em-malha-com-detalhe-amarracao-nas-costas\/","title":{"rendered":"Vestido Alcinha em Malha com Detalhe Amarra\u00e7\u00e3o nas Costas"},"content":{"rendered":"<p>Vestido Alcinha em Malha com Detalhe Amarra\u00e7\u00e3o nas Costas<\/p>\n<p>Marca Elian<\/p>\n<p>Tamanhos 12, 14 e 16<\/p>\n","protected":false},"excerpt":{"rendered":"<p>Vestido Alcinha em Malha com Detalhe Amarra\u00e7\u00e3o nas Costas Marca Elian Tamanhos 12, 14 e 16<\/p>\n","protected":false},"featured_media":34880,"comment_status":"open","ping_status":"closed","template":"","meta":[],"product_cat":[547,775,784,897],"product_tag":[],"_links":{"self":[{"href":"https:\/\/www.mimosura.com.br\/website\/wp-json\/wp\/v2\/product\/34953"}],"collection":[{"href":"https:\/\/www.mimosura.com.br\/website\/wp-json\/wp\/v2\/product"}],"about":[{"href":"https:\/\/www.mimosura.com.br\/website\/wp-json\/wp\/v2\/types\/product"}],"replies":[{"embeddable":true,"href":"https:\/\/www.mimosura.com.br\/website\/wp-json\/wp\/v2\/comments?post=34953"}],"version-history":[{"count":1,"href":"https:\/\/www.mimosura.com.br\/website\/wp-json\/wp\/v2\/product\/34953\/revisions"}],"predecessor-version":[{"id":34954,"href":"https:\/\/www.mimosura.com.br\/website\/wp-json\/wp\/v2\/product\/34953\/revisions\/34954"}],"wp:featuredmedia":[{"embeddable":true,"href":"https:\/\/www.mimosura.com.br\/website\/wp-json\/wp\/v2\/media\/34880"}],"wp:attachment":[{"href":"https:\/\/www.mimosura.com.br\/website\/wp-json\/wp\/v2\/media?parent=34953"}],"wp:term":[{"taxonomy":"product_cat","embeddable":true,"href":"https:\/\/www.mimosura.com.br\/website\/wp-json\/wp\/v2\/product_cat?post=34953"},{"taxonomy":"product_tag","embeddable":true,"href":"https:\/\/www.mimosura.com.br\/website\/wp-json\/wp\/v2\/product_tag?post=34953"}],"curies":[{"name":"wp","href":"https:\/\/api.w.org\/{rel}","templated":true}]}}