{"id":37166,"date":"2026-02-27T11:41:30","date_gmt":"2026-02-27T14:41:30","guid":{"rendered":"https:\/\/www.mimosura.com.br\/website\/?post_type=product&#038;p=37166"},"modified":"2026-02-27T11:41:30","modified_gmt":"2026-02-27T14:41:30","slug":"calca-moletinho-sem-pelucia-2","status":"publish","type":"product","link":"https:\/\/www.mimosura.com.br\/website\/produto\/calca-moletinho-sem-pelucia-2\/","title":{"rendered":"Cal\u00e7a Moletinho Sem Pel\u00facia"},"content":{"rendered":"<p>Cal\u00e7a Moletinho Sem Pel\u00facia<\/p>\n<p>Marca Alakazoo<\/p>\n<p>Tamanhos 4, 6, 8 e 10<\/p>\n","protected":false},"excerpt":{"rendered":"<p>Cal\u00e7a Moletinho Sem Pel\u00facia Marca Alakazoo Tamanhos 4, 6, 8 e 10<\/p>\n","protected":false},"featured_media":37149,"comment_status":"open","ping_status":"closed","template":"","meta":[],"product_cat":[546,803,806],"product_tag":[],"_links":{"self":[{"href":"https:\/\/www.mimosura.com.br\/website\/wp-json\/wp\/v2\/product\/37166"}],"collection":[{"href":"https:\/\/www.mimosura.com.br\/website\/wp-json\/wp\/v2\/product"}],"about":[{"href":"https:\/\/www.mimosura.com.br\/website\/wp-json\/wp\/v2\/types\/product"}],"replies":[{"embeddable":true,"href":"https:\/\/www.mimosura.com.br\/website\/wp-json\/wp\/v2\/comments?post=37166"}],"version-history":[{"count":1,"href":"https:\/\/www.mimosura.com.br\/website\/wp-json\/wp\/v2\/product\/37166\/revisions"}],"predecessor-version":[{"id":37167,"href":"https:\/\/www.mimosura.com.br\/website\/wp-json\/wp\/v2\/product\/37166\/revisions\/37167"}],"wp:featuredmedia":[{"embeddable":true,"href":"https:\/\/www.mimosura.com.br\/website\/wp-json\/wp\/v2\/media\/37149"}],"wp:attachment":[{"href":"https:\/\/www.mimosura.com.br\/website\/wp-json\/wp\/v2\/media?parent=37166"}],"wp:term":[{"taxonomy":"product_cat","embeddable":true,"href":"https:\/\/www.mimosura.com.br\/website\/wp-json\/wp\/v2\/product_cat?post=37166"},{"taxonomy":"product_tag","embeddable":true,"href":"https:\/\/www.mimosura.com.br\/website\/wp-json\/wp\/v2\/product_tag?post=37166"}],"curies":[{"name":"wp","href":"https:\/\/api.w.org\/{rel}","templated":true}]}}