{"id":37257,"date":"2026-03-17T10:54:06","date_gmt":"2026-03-17T13:54:06","guid":{"rendered":"https:\/\/www.mimosura.com.br\/website\/?post_type=product&#038;p=37257"},"modified":"2026-03-17T10:54:06","modified_gmt":"2026-03-17T13:54:06","slug":"conjunto-blusao-em-moletom-gato-e-legging-cirre","status":"publish","type":"product","link":"https:\/\/www.mimosura.com.br\/website\/produto\/conjunto-blusao-em-moletom-gato-e-legging-cirre\/","title":{"rendered":"Conjunto Blus\u00e3o em Moletom Gato e Legging Cirr\u00ea"},"content":{"rendered":"<p>Conjunto Blus\u00e3o em Moletom Gato e Legging Cirr\u00ea<\/p>\n<p>Marca Pulla Bulla<\/p>\n<p>Tamanhos 1, 2 e 3<\/p>\n","protected":false},"excerpt":{"rendered":"<p>Conjunto Blus\u00e3o em Moletom Gato e Legging Cirr\u00ea Marca Pulla Bulla Tamanhos 1, 2 e 3<\/p>\n","protected":false},"featured_media":37242,"comment_status":"open","ping_status":"closed","template":"","meta":[],"product_cat":[547,755,761,851],"product_tag":[],"_links":{"self":[{"href":"https:\/\/www.mimosura.com.br\/website\/wp-json\/wp\/v2\/product\/37257"}],"collection":[{"href":"https:\/\/www.mimosura.com.br\/website\/wp-json\/wp\/v2\/product"}],"about":[{"href":"https:\/\/www.mimosura.com.br\/website\/wp-json\/wp\/v2\/types\/product"}],"replies":[{"embeddable":true,"href":"https:\/\/www.mimosura.com.br\/website\/wp-json\/wp\/v2\/comments?post=37257"}],"version-history":[{"count":1,"href":"https:\/\/www.mimosura.com.br\/website\/wp-json\/wp\/v2\/product\/37257\/revisions"}],"predecessor-version":[{"id":37258,"href":"https:\/\/www.mimosura.com.br\/website\/wp-json\/wp\/v2\/product\/37257\/revisions\/37258"}],"wp:featuredmedia":[{"embeddable":true,"href":"https:\/\/www.mimosura.com.br\/website\/wp-json\/wp\/v2\/media\/37242"}],"wp:attachment":[{"href":"https:\/\/www.mimosura.com.br\/website\/wp-json\/wp\/v2\/media?parent=37257"}],"wp:term":[{"taxonomy":"product_cat","embeddable":true,"href":"https:\/\/www.mimosura.com.br\/website\/wp-json\/wp\/v2\/product_cat?post=37257"},{"taxonomy":"product_tag","embeddable":true,"href":"https:\/\/www.mimosura.com.br\/website\/wp-json\/wp\/v2\/product_tag?post=37257"}],"curies":[{"name":"wp","href":"https:\/\/api.w.org\/{rel}","templated":true}]}}