{"id":37362,"date":"2026-03-17T13:06:04","date_gmt":"2026-03-17T16:06:04","guid":{"rendered":"https:\/\/www.mimosura.com.br\/website\/?post_type=product&#038;p=37362"},"modified":"2026-03-17T13:06:05","modified_gmt":"2026-03-17T16:06:05","slug":"casaco-em-malha-com-sobreposicao-de-tule-estrelas-com-brilho","status":"publish","type":"product","link":"https:\/\/www.mimosura.com.br\/website\/produto\/casaco-em-malha-com-sobreposicao-de-tule-estrelas-com-brilho\/","title":{"rendered":"Casaco em Malha com Sobreposi\u00e7\u00e3o de Tule Estrelas com Brilho"},"content":{"rendered":"<p>Casaco em Malha com Sobreposi\u00e7\u00e3o de Tule Estrelas com Brilho<\/p>\n<p>Marca Alakazoo<\/p>\n<p>Tamanhos 4, 6, 8 e 10<\/p>\n","protected":false},"excerpt":{"rendered":"<p>Casaco em Malha com Sobreposi\u00e7\u00e3o de Tule Estrelas com Brilho Marca Alakazoo Tamanhos 4, 6, 8 e 10<\/p>\n","protected":false},"featured_media":37297,"comment_status":"open","ping_status":"closed","template":"","meta":[],"product_cat":[547,765,770],"product_tag":[],"_links":{"self":[{"href":"https:\/\/www.mimosura.com.br\/website\/wp-json\/wp\/v2\/product\/37362"}],"collection":[{"href":"https:\/\/www.mimosura.com.br\/website\/wp-json\/wp\/v2\/product"}],"about":[{"href":"https:\/\/www.mimosura.com.br\/website\/wp-json\/wp\/v2\/types\/product"}],"replies":[{"embeddable":true,"href":"https:\/\/www.mimosura.com.br\/website\/wp-json\/wp\/v2\/comments?post=37362"}],"version-history":[{"count":1,"href":"https:\/\/www.mimosura.com.br\/website\/wp-json\/wp\/v2\/product\/37362\/revisions"}],"predecessor-version":[{"id":37363,"href":"https:\/\/www.mimosura.com.br\/website\/wp-json\/wp\/v2\/product\/37362\/revisions\/37363"}],"wp:featuredmedia":[{"embeddable":true,"href":"https:\/\/www.mimosura.com.br\/website\/wp-json\/wp\/v2\/media\/37297"}],"wp:attachment":[{"href":"https:\/\/www.mimosura.com.br\/website\/wp-json\/wp\/v2\/media?parent=37362"}],"wp:term":[{"taxonomy":"product_cat","embeddable":true,"href":"https:\/\/www.mimosura.com.br\/website\/wp-json\/wp\/v2\/product_cat?post=37362"},{"taxonomy":"product_tag","embeddable":true,"href":"https:\/\/www.mimosura.com.br\/website\/wp-json\/wp\/v2\/product_tag?post=37362"}],"curies":[{"name":"wp","href":"https:\/\/api.w.org\/{rel}","templated":true}]}}