{"id":37541,"date":"2026-04-07T11:21:23","date_gmt":"2026-04-07T14:21:23","guid":{"rendered":"https:\/\/www.mimosura.com.br\/website\/?post_type=product&#038;p=37541"},"modified":"2026-04-07T11:21:23","modified_gmt":"2026-04-07T14:21:23","slug":"macacao-rosa-bordado-com-pes-sapatinho","status":"publish","type":"product","link":"https:\/\/www.mimosura.com.br\/website\/produto\/macacao-rosa-bordado-com-pes-sapatinho\/","title":{"rendered":"Macac\u00e3o Rosa Bordado com P\u00e9s Sapatinho"},"content":{"rendered":"<p>Macac\u00e3o Rosa Bordado com P\u00e9s Sapatinho<\/p>\n<p>Marca Fofinho<\/p>\n<p>Tamanhos RN e P<\/p>\n","protected":false},"excerpt":{"rendered":"<p>Macac\u00e3o Rosa Bordado com P\u00e9s Sapatinho Marca Fofinho Tamanhos RN e P<\/p>\n","protected":false},"featured_media":37548,"comment_status":"open","ping_status":"closed","template":"","meta":[],"product_cat":[544,749,846],"product_tag":[],"_links":{"self":[{"href":"https:\/\/www.mimosura.com.br\/website\/wp-json\/wp\/v2\/product\/37541"}],"collection":[{"href":"https:\/\/www.mimosura.com.br\/website\/wp-json\/wp\/v2\/product"}],"about":[{"href":"https:\/\/www.mimosura.com.br\/website\/wp-json\/wp\/v2\/types\/product"}],"replies":[{"embeddable":true,"href":"https:\/\/www.mimosura.com.br\/website\/wp-json\/wp\/v2\/comments?post=37541"}],"version-history":[{"count":1,"href":"https:\/\/www.mimosura.com.br\/website\/wp-json\/wp\/v2\/product\/37541\/revisions"}],"predecessor-version":[{"id":37557,"href":"https:\/\/www.mimosura.com.br\/website\/wp-json\/wp\/v2\/product\/37541\/revisions\/37557"}],"wp:featuredmedia":[{"embeddable":true,"href":"https:\/\/www.mimosura.com.br\/website\/wp-json\/wp\/v2\/media\/37548"}],"wp:attachment":[{"href":"https:\/\/www.mimosura.com.br\/website\/wp-json\/wp\/v2\/media?parent=37541"}],"wp:term":[{"taxonomy":"product_cat","embeddable":true,"href":"https:\/\/www.mimosura.com.br\/website\/wp-json\/wp\/v2\/product_cat?post=37541"},{"taxonomy":"product_tag","embeddable":true,"href":"https:\/\/www.mimosura.com.br\/website\/wp-json\/wp\/v2\/product_tag?post=37541"}],"curies":[{"name":"wp","href":"https:\/\/api.w.org\/{rel}","templated":true}]}}