{"id":37558,"date":"2026-04-07T11:22:05","date_gmt":"2026-04-07T14:22:05","guid":{"rendered":"https:\/\/www.mimosura.com.br\/website\/?post_type=product&#038;p=37558"},"modified":"2026-04-07T11:22:05","modified_gmt":"2026-04-07T14:22:05","slug":"macacao-em-soft-coracoes","status":"publish","type":"product","link":"https:\/\/www.mimosura.com.br\/website\/produto\/macacao-em-soft-coracoes\/","title":{"rendered":"Macac\u00e3o em Soft Cora\u00e7\u00f5es"},"content":{"rendered":"<p>Macac\u00e3o em Soft Cora\u00e7\u00f5es<\/p>\n<p>Marca Presente de Anjo<\/p>\n<p>Tamanhos P, M e G<\/p>\n","protected":false},"excerpt":{"rendered":"<p>Macac\u00e3o em Soft Cora\u00e7\u00f5es Marca Presente de Anjo Tamanhos P, M e G<\/p>\n","protected":false},"featured_media":37549,"comment_status":"open","ping_status":"closed","template":"","meta":[],"product_cat":[544,749,846],"product_tag":[],"_links":{"self":[{"href":"https:\/\/www.mimosura.com.br\/website\/wp-json\/wp\/v2\/product\/37558"}],"collection":[{"href":"https:\/\/www.mimosura.com.br\/website\/wp-json\/wp\/v2\/product"}],"about":[{"href":"https:\/\/www.mimosura.com.br\/website\/wp-json\/wp\/v2\/types\/product"}],"replies":[{"embeddable":true,"href":"https:\/\/www.mimosura.com.br\/website\/wp-json\/wp\/v2\/comments?post=37558"}],"version-history":[{"count":2,"href":"https:\/\/www.mimosura.com.br\/website\/wp-json\/wp\/v2\/product\/37558\/revisions"}],"predecessor-version":[{"id":37560,"href":"https:\/\/www.mimosura.com.br\/website\/wp-json\/wp\/v2\/product\/37558\/revisions\/37560"}],"wp:featuredmedia":[{"embeddable":true,"href":"https:\/\/www.mimosura.com.br\/website\/wp-json\/wp\/v2\/media\/37549"}],"wp:attachment":[{"href":"https:\/\/www.mimosura.com.br\/website\/wp-json\/wp\/v2\/media?parent=37558"}],"wp:term":[{"taxonomy":"product_cat","embeddable":true,"href":"https:\/\/www.mimosura.com.br\/website\/wp-json\/wp\/v2\/product_cat?post=37558"},{"taxonomy":"product_tag","embeddable":true,"href":"https:\/\/www.mimosura.com.br\/website\/wp-json\/wp\/v2\/product_tag?post=37558"}],"curies":[{"name":"wp","href":"https:\/\/api.w.org\/{rel}","templated":true}]}}