{"id":37569,"date":"2026-04-07T11:26:22","date_gmt":"2026-04-07T14:26:22","guid":{"rendered":"https:\/\/www.mimosura.com.br\/website\/?post_type=product&#038;p=37569"},"modified":"2026-04-07T11:26:22","modified_gmt":"2026-04-07T14:26:22","slug":"macacao-em-malha-com-detalhe-vestido-em-pique-bordado","status":"publish","type":"product","link":"https:\/\/www.mimosura.com.br\/website\/produto\/macacao-em-malha-com-detalhe-vestido-em-pique-bordado\/","title":{"rendered":"Macac\u00e3o em Malha com Detalhe Vestido em Piqu\u00ea Bordado"},"content":{"rendered":"<p>Macac\u00e3o em Malha com Detalhe Vestido em Piqu\u00ea Bordado<\/p>\n<p>Marca Sonho M\u00e1gico<\/p>\n<p>Tamanhos RN e P<\/p>\n","protected":false},"excerpt":{"rendered":"<p>Macac\u00e3o em Malha com Detalhe Vestido em Piqu\u00ea Bordado Marca Sonho M\u00e1gico Tamanhos RN e P<\/p>\n","protected":false},"featured_media":37553,"comment_status":"open","ping_status":"closed","template":"","meta":[],"product_cat":[544,749,846],"product_tag":[],"_links":{"self":[{"href":"https:\/\/www.mimosura.com.br\/website\/wp-json\/wp\/v2\/product\/37569"}],"collection":[{"href":"https:\/\/www.mimosura.com.br\/website\/wp-json\/wp\/v2\/product"}],"about":[{"href":"https:\/\/www.mimosura.com.br\/website\/wp-json\/wp\/v2\/types\/product"}],"replies":[{"embeddable":true,"href":"https:\/\/www.mimosura.com.br\/website\/wp-json\/wp\/v2\/comments?post=37569"}],"version-history":[{"count":1,"href":"https:\/\/www.mimosura.com.br\/website\/wp-json\/wp\/v2\/product\/37569\/revisions"}],"predecessor-version":[{"id":37570,"href":"https:\/\/www.mimosura.com.br\/website\/wp-json\/wp\/v2\/product\/37569\/revisions\/37570"}],"wp:featuredmedia":[{"embeddable":true,"href":"https:\/\/www.mimosura.com.br\/website\/wp-json\/wp\/v2\/media\/37553"}],"wp:attachment":[{"href":"https:\/\/www.mimosura.com.br\/website\/wp-json\/wp\/v2\/media?parent=37569"}],"wp:term":[{"taxonomy":"product_cat","embeddable":true,"href":"https:\/\/www.mimosura.com.br\/website\/wp-json\/wp\/v2\/product_cat?post=37569"},{"taxonomy":"product_tag","embeddable":true,"href":"https:\/\/www.mimosura.com.br\/website\/wp-json\/wp\/v2\/product_tag?post=37569"}],"curies":[{"name":"wp","href":"https:\/\/api.w.org\/{rel}","templated":true}]}}