{"id":37571,"date":"2026-04-07T11:27:18","date_gmt":"2026-04-07T14:27:18","guid":{"rendered":"https:\/\/www.mimosura.com.br\/website\/?post_type=product&#038;p=37571"},"modified":"2026-04-07T11:27:18","modified_gmt":"2026-04-07T14:27:18","slug":"macacao-em-plush-com-detalhe-em-trico-e-xadrez","status":"publish","type":"product","link":"https:\/\/www.mimosura.com.br\/website\/produto\/macacao-em-plush-com-detalhe-em-trico-e-xadrez\/","title":{"rendered":"Macac\u00e3o em Plush com Detalhe em Tric\u00f4 e Xadrez"},"content":{"rendered":"<p>Macac\u00e3o em Plush com Detalhe em Tric\u00f4 e Xadrez<\/p>\n<p>Marca Aconchego do Beb\u00ea<\/p>\n<p>Tamanho P<\/p>\n","protected":false},"excerpt":{"rendered":"<p>Macac\u00e3o em Plush com Detalhe em Tric\u00f4 e Xadrez Marca Aconchego do Beb\u00ea Tamanho P<\/p>\n","protected":false},"featured_media":37554,"comment_status":"open","ping_status":"closed","template":"","meta":[],"product_cat":[544,749,846],"product_tag":[],"_links":{"self":[{"href":"https:\/\/www.mimosura.com.br\/website\/wp-json\/wp\/v2\/product\/37571"}],"collection":[{"href":"https:\/\/www.mimosura.com.br\/website\/wp-json\/wp\/v2\/product"}],"about":[{"href":"https:\/\/www.mimosura.com.br\/website\/wp-json\/wp\/v2\/types\/product"}],"replies":[{"embeddable":true,"href":"https:\/\/www.mimosura.com.br\/website\/wp-json\/wp\/v2\/comments?post=37571"}],"version-history":[{"count":1,"href":"https:\/\/www.mimosura.com.br\/website\/wp-json\/wp\/v2\/product\/37571\/revisions"}],"predecessor-version":[{"id":37572,"href":"https:\/\/www.mimosura.com.br\/website\/wp-json\/wp\/v2\/product\/37571\/revisions\/37572"}],"wp:featuredmedia":[{"embeddable":true,"href":"https:\/\/www.mimosura.com.br\/website\/wp-json\/wp\/v2\/media\/37554"}],"wp:attachment":[{"href":"https:\/\/www.mimosura.com.br\/website\/wp-json\/wp\/v2\/media?parent=37571"}],"wp:term":[{"taxonomy":"product_cat","embeddable":true,"href":"https:\/\/www.mimosura.com.br\/website\/wp-json\/wp\/v2\/product_cat?post=37571"},{"taxonomy":"product_tag","embeddable":true,"href":"https:\/\/www.mimosura.com.br\/website\/wp-json\/wp\/v2\/product_tag?post=37571"}],"curies":[{"name":"wp","href":"https:\/\/api.w.org\/{rel}","templated":true}]}}