{"id":37836,"date":"2026-04-22T12:34:16","date_gmt":"2026-04-22T15:34:16","guid":{"rendered":"https:\/\/www.mimosura.com.br\/website\/?post_type=product&#038;p=37836"},"modified":"2026-04-22T12:34:16","modified_gmt":"2026-04-22T15:34:16","slug":"macacao-em-fleece-estrelas-e-arco-iris","status":"publish","type":"product","link":"https:\/\/www.mimosura.com.br\/website\/produto\/macacao-em-fleece-estrelas-e-arco-iris\/","title":{"rendered":"Macac\u00e3o em Fleece Estrelas e Arco \u00cdris"},"content":{"rendered":"<p>Macac\u00e3o em Fleece Estrelas e Arco \u00cdris<\/p>\n<p>Marca Top Catz<\/p>\n<p>Tamanho G<\/p>\n","protected":false},"excerpt":{"rendered":"<p>Macac\u00e3o em Fleece Estrelas e Arco \u00cdris Marca Top Catz Tamanho G<\/p>\n","protected":false},"featured_media":37785,"comment_status":"open","ping_status":"closed","template":"","meta":[],"product_cat":[544,749,846],"product_tag":[],"_links":{"self":[{"href":"https:\/\/www.mimosura.com.br\/website\/wp-json\/wp\/v2\/product\/37836"}],"collection":[{"href":"https:\/\/www.mimosura.com.br\/website\/wp-json\/wp\/v2\/product"}],"about":[{"href":"https:\/\/www.mimosura.com.br\/website\/wp-json\/wp\/v2\/types\/product"}],"replies":[{"embeddable":true,"href":"https:\/\/www.mimosura.com.br\/website\/wp-json\/wp\/v2\/comments?post=37836"}],"version-history":[{"count":1,"href":"https:\/\/www.mimosura.com.br\/website\/wp-json\/wp\/v2\/product\/37836\/revisions"}],"predecessor-version":[{"id":37837,"href":"https:\/\/www.mimosura.com.br\/website\/wp-json\/wp\/v2\/product\/37836\/revisions\/37837"}],"wp:featuredmedia":[{"embeddable":true,"href":"https:\/\/www.mimosura.com.br\/website\/wp-json\/wp\/v2\/media\/37785"}],"wp:attachment":[{"href":"https:\/\/www.mimosura.com.br\/website\/wp-json\/wp\/v2\/media?parent=37836"}],"wp:term":[{"taxonomy":"product_cat","embeddable":true,"href":"https:\/\/www.mimosura.com.br\/website\/wp-json\/wp\/v2\/product_cat?post=37836"},{"taxonomy":"product_tag","embeddable":true,"href":"https:\/\/www.mimosura.com.br\/website\/wp-json\/wp\/v2\/product_tag?post=37836"}],"curies":[{"name":"wp","href":"https:\/\/api.w.org\/{rel}","templated":true}]}}