{"id":37927,"date":"2026-04-27T12:49:36","date_gmt":"2026-04-27T15:49:36","guid":{"rendered":"https:\/\/www.mimosura.com.br\/website\/?post_type=product&#038;p=37927"},"modified":"2026-04-27T12:49:36","modified_gmt":"2026-04-27T15:49:36","slug":"conjunto-coracoes-em-moletom-e-legging-molecotton-2","status":"publish","type":"product","link":"https:\/\/www.mimosura.com.br\/website\/produto\/conjunto-coracoes-em-moletom-e-legging-molecotton-2\/","title":{"rendered":"Conjunto Cora\u00e7\u00f5es em Moletom e Legging Molecotton"},"content":{"rendered":"<p>Conjunto Cora\u00e7\u00f5es em Moletom e Legging Molecotton<\/p>\n<p>Marca Brandili<\/p>\n<p>Tamanho 10<\/p>\n","protected":false},"excerpt":{"rendered":"<p>Conjunto Cora\u00e7\u00f5es em Moletom e Legging Molecotton Marca Brandili Tamanho 10<\/p>\n","protected":false},"featured_media":37910,"comment_status":"open","ping_status":"closed","template":"","meta":[],"product_cat":[547,765,771,853],"product_tag":[],"_links":{"self":[{"href":"https:\/\/www.mimosura.com.br\/website\/wp-json\/wp\/v2\/product\/37927"}],"collection":[{"href":"https:\/\/www.mimosura.com.br\/website\/wp-json\/wp\/v2\/product"}],"about":[{"href":"https:\/\/www.mimosura.com.br\/website\/wp-json\/wp\/v2\/types\/product"}],"replies":[{"embeddable":true,"href":"https:\/\/www.mimosura.com.br\/website\/wp-json\/wp\/v2\/comments?post=37927"}],"version-history":[{"count":1,"href":"https:\/\/www.mimosura.com.br\/website\/wp-json\/wp\/v2\/product\/37927\/revisions"}],"predecessor-version":[{"id":37928,"href":"https:\/\/www.mimosura.com.br\/website\/wp-json\/wp\/v2\/product\/37927\/revisions\/37928"}],"wp:featuredmedia":[{"embeddable":true,"href":"https:\/\/www.mimosura.com.br\/website\/wp-json\/wp\/v2\/media\/37910"}],"wp:attachment":[{"href":"https:\/\/www.mimosura.com.br\/website\/wp-json\/wp\/v2\/media?parent=37927"}],"wp:term":[{"taxonomy":"product_cat","embeddable":true,"href":"https:\/\/www.mimosura.com.br\/website\/wp-json\/wp\/v2\/product_cat?post=37927"},{"taxonomy":"product_tag","embeddable":true,"href":"https:\/\/www.mimosura.com.br\/website\/wp-json\/wp\/v2\/product_tag?post=37927"}],"curies":[{"name":"wp","href":"https:\/\/api.w.org\/{rel}","templated":true}]}}