{"id":38098,"date":"2026-05-14T12:04:21","date_gmt":"2026-05-14T15:04:21","guid":{"rendered":"https:\/\/www.mimosura.com.br\/website\/?post_type=product&#038;p=38098"},"modified":"2026-05-14T12:04:21","modified_gmt":"2026-05-14T15:04:21","slug":"blusao-em-moletom-coracoes","status":"publish","type":"product","link":"https:\/\/www.mimosura.com.br\/website\/produto\/blusao-em-moletom-coracoes\/","title":{"rendered":"Blus\u00e3o em Moletom Cora\u00e7\u00f5es"},"content":{"rendered":"<p>Blus\u00e3o em Moletom Cora\u00e7\u00f5es<\/p>\n<p>Marca Brandili<\/p>\n<p>Tamanhos 4, 6, 8 e 10<\/p>\n","protected":false},"excerpt":{"rendered":"<p>Blus\u00e3o em Moletom Cora\u00e7\u00f5es Marca Brandili Tamanhos 4, 6, 8 e 10<\/p>\n","protected":false},"featured_media":38027,"comment_status":"open","ping_status":"closed","template":"","meta":[],"product_cat":[547,765,768],"product_tag":[],"_links":{"self":[{"href":"https:\/\/www.mimosura.com.br\/website\/wp-json\/wp\/v2\/product\/38098"}],"collection":[{"href":"https:\/\/www.mimosura.com.br\/website\/wp-json\/wp\/v2\/product"}],"about":[{"href":"https:\/\/www.mimosura.com.br\/website\/wp-json\/wp\/v2\/types\/product"}],"replies":[{"embeddable":true,"href":"https:\/\/www.mimosura.com.br\/website\/wp-json\/wp\/v2\/comments?post=38098"}],"version-history":[{"count":1,"href":"https:\/\/www.mimosura.com.br\/website\/wp-json\/wp\/v2\/product\/38098\/revisions"}],"predecessor-version":[{"id":38099,"href":"https:\/\/www.mimosura.com.br\/website\/wp-json\/wp\/v2\/product\/38098\/revisions\/38099"}],"wp:featuredmedia":[{"embeddable":true,"href":"https:\/\/www.mimosura.com.br\/website\/wp-json\/wp\/v2\/media\/38027"}],"wp:attachment":[{"href":"https:\/\/www.mimosura.com.br\/website\/wp-json\/wp\/v2\/media?parent=38098"}],"wp:term":[{"taxonomy":"product_cat","embeddable":true,"href":"https:\/\/www.mimosura.com.br\/website\/wp-json\/wp\/v2\/product_cat?post=38098"},{"taxonomy":"product_tag","embeddable":true,"href":"https:\/\/www.mimosura.com.br\/website\/wp-json\/wp\/v2\/product_tag?post=38098"}],"curies":[{"name":"wp","href":"https:\/\/api.w.org\/{rel}","templated":true}]}}